{"id":2,"date":"2026-05-10T12:45:01","date_gmt":"2026-05-10T12:45:01","guid":{"rendered":"https:\/\/xn--ilvia-glx-rp-ceb.neoclorsstudio.by-h.cloud\/?page_id=2"},"modified":"2026-05-10T14:12:53","modified_gmt":"2026-05-10T14:12:53","slug":"nos-lignes","status":"publish","type":"page","link":"https:\/\/ileviagalaxrp.neoclorsstudio.by-h.cloud\/index.php\/nos-lignes\/","title":{"rendered":"Nos Lignes"},"content":{"rendered":"<div data-colibri-id=\"2-c1\" class=\"style-195 style-local-2-c1 position-relative\">\n  <!---->\n  <div data-colibri-component=\"section\" data-colibri-id=\"2-c6\" id=\"custom\" class=\"h-section h-section-global-spacing d-flex align-items-lg-center align-items-md-center align-items-center style-201 style-local-2-c6 position-relative\">\n    <!---->\n    <!---->\n    <div class=\"h-section-grid-container h-section-boxed-container\">\n      <!---->\n      <div data-colibri-id=\"2-c7\" class=\"h-row-container gutters-row-lg-2 gutters-row-md-2 gutters-row-0 gutters-row-v-lg-2 gutters-row-v-md-2 gutters-row-v-2 style-202 style-local-2-c7 position-relative\">\n        <!---->\n        <div class=\"h-row justify-content-lg-center justify-content-md-center justify-content-center align-items-lg-stretch align-items-md-stretch align-items-stretch gutters-col-lg-2 gutters-col-md-2 gutters-col-0 gutters-col-v-lg-2 gutters-col-v-md-2 gutters-col-v-2\">\n          <!---->\n          <div class=\"h-column h-column-container d-flex h-col-lg-6 h-col-md-6 h-col-12 style-203-outer style-local-2-c8-outer\">\n            <div data-colibri-id=\"2-c8\" class=\"d-flex h-flex-basis h-column__inner h-px-lg-2 h-px-md-2 h-px-2 v-inner-lg-2 v-inner-md-2 v-inner-2 style-203 style-local-2-c8 position-relative\">\n              <!---->\n              <!---->\n              <div class=\"w-100 h-y-container h-column__content h-column__v-align flex-basis-100 align-self-lg-start align-self-md-start align-self-start\">\n                <!---->\n                <div data-colibri-id=\"2-c9\" class=\"d-block style-204 style-local-2-c9 position-relative h-element\">\n                  <!---->\n                  <div class=\"h-image__frame-container-outer\">\n                    <div class=\"h-image__frame-container\">\n                      <!---->\n                      <!---->\n                      <img decoding=\"async\" src=\"https:\/\/xn--ilvia-glx-rp-ceb.neoclorsstudio.by-h.cloud\/wp-content\/uploads\/2026\/05\/L1G-768x589.png\" class=\"style-204-image style-local-2-c9-image\">\n                      <div class=\"h-image__frame h-hide-lg h-hide-md h-hide-sm style-204-frameImage style-local-2-c9-frameImage\"><\/div>\n                    <\/div>\n                  <\/div>\n                <\/div>\n              <\/div>\n            <\/div>\n          <\/div>\n          <div class=\"h-column h-column-container d-flex h-col-lg-6 h-col-md-6 h-col-12 style-205-outer style-local-2-c10-outer\">\n            <div data-colibri-id=\"2-c10\" class=\"d-flex h-flex-basis h-column__inner h-px-lg-2 h-px-md-2 h-px-2 v-inner-lg-2 v-inner-md-2 v-inner-2 style-205 style-local-2-c10 position-relative\">\n              <!---->\n              <!---->\n              <div class=\"w-100 h-y-container h-column__content h-column__v-align flex-basis-100 align-self-lg-start align-self-md-start align-self-start\">\n                <!---->\n                <div data-colibri-id=\"2-c11\" class=\"h-lead h-text h-text-component style-206 style-local-2-c11 position-relative h-element\">\n                  <!---->\n                  <!---->\n                  <div class=\"\">\n                    <p>L1 &#8211; Gare Routi\u00e8re via H\u00f4tel de Police (L1G)\n                      <br>\n                      <br>&#8211; Cimeti\u00e8re\n                      <br>&#8211; Coll\u00e8ge George Sand\n                      <br>&#8211; H\u00f4tel de Police\n                      <br>&#8211;&nbsp;<span style=\"font-weight: 300; font-size: 20px; font-family: &quot;Open Sans&quot;; color: rgb(0, 0, 0);\">Coll\u00e8ge George Sand<\/span>\n                      <br>&#8211; Joncquille\n                      <br>&#8211; Palais de Justice\n                      <br>&#8211; Place Rihour\n                      <br>&#8211; P\u00f4le d&rsquo;\u00e9changes\n                      <br>&#8211; La Maladi\u00e8re\n                      <br>&#8211; Route de la citadelle\n                      <br>&#8211; H\u00f4tel de Ville\n                      <br>&#8211; Gare Routi\u00e9re<\/p>\n                  <\/div>\n                <\/div>\n              <\/div>\n            <\/div>\n          <\/div>\n          <div class=\"h-column h-column-container d-flex h-col-lg-6 h-col-md-6 h-col-12 style-223-outer style-local-2-c28-outer\">\n            <div data-colibri-id=\"2-c28\" class=\"d-flex h-flex-basis h-column__inner h-px-lg-2 h-px-md-2 h-px-2 v-inner-lg-2 v-inner-md-2 v-inner-2 style-223 style-local-2-c28 position-relative\">\n              <!---->\n              <!---->\n              <div class=\"w-100 h-y-container h-column__content h-column__v-align flex-basis-100 align-self-lg-start align-self-md-start align-self-start\">\n                <!---->\n                <div data-colibri-id=\"2-c31\" class=\"h-lead h-text h-text-component style-226 style-local-2-c31 position-relative h-element\">\n                  <!---->\n                  <!---->\n                  <div class=\"\">\n                    <p><em style=\"font-weight: 300; font-size: 20px; font-family: &quot;Open Sans&quot;; color: rgb(0, 0, 0);\">L1 &#8211; Gare Routi\u00e8re via H\u00f4tel de Police (L1G)<\/em>\n                      <br>\n                      <br><em style=\"font-weight: 300; font-size: 20px; font-family: &quot;Open Sans&quot;; color: rgb(0, 0, 0);\">&#8211; Gare Routi\u00e9re<\/em>\n                      <br><em style=\"font-weight: 300; font-size: 20px; font-family: &quot;Open Sans&quot;; color: rgb(0, 0, 0);\">&#8211; H\u00f4tel de Ville<\/em>\n                      <br><em style=\"font-weight: 300; font-size: 20px; font-family: &quot;Open Sans&quot;; color: rgb(0, 0, 0);\">&#8211; Joncquille<\/em>\n                      <br><em style=\"font-weight: 300; font-size: 20px; font-family: &quot;Open Sans&quot;; color: rgb(0, 0, 0);\">&#8211;&nbsp;&nbsp;Route de la citadelle<\/em>\n                      <br><em style=\"font-weight: 300; font-size: 20px; font-family: &quot;Open Sans&quot;; color: rgb(0, 0, 0);\">&#8211; La Maladi\u00e8re<\/em>\n                      <br><em style=\"font-weight: 300; font-size: 20px; font-family: &quot;Open Sans&quot;; color: rgb(0, 0, 0);\">&#8211; P\u00f4le d&rsquo;\u00e9changes<\/em>\n                      <br><em style=\"font-weight: 300; font-size: 20px; font-family: &quot;Open Sans&quot;; color: rgb(0, 0, 0);\">&#8211; Place Rihour<\/em>\n                      <br><em style=\"font-weight: 300; font-size: 20px; font-family: &quot;Open Sans&quot;; color: rgb(0, 0, 0);\">&#8211; Palais de Justice<\/em>\n                      <br><em style=\"font-weight: 300; font-size: 20px; font-family: &quot;Open Sans&quot;; color: rgb(0, 0, 0);\">&#8211; Joncquille<\/em>\n                      <br><em style=\"color: rgb(0, 0, 0); font-family: &quot;Open Sans&quot;; font-size: 20px; font-weight: 300;\">&#8211; Coll\u00e8ge George Sand<\/em>\n                      <br><em style=\"font-weight: 300; font-size: 20px; font-family: &quot;Open Sans&quot;; color: rgb(0, 0, 0);\">&#8211; H\u00f4tel de Police<\/em>\n                      <br>&#8211;&nbsp;<em style=\"color: rgb(0, 0, 0); font-family: &quot;Open Sans&quot;; font-size: 20px; font-weight: 300;\">Coll\u00e8ge George Sand<\/em>\n                      <br><em style=\"font-weight: 300; font-size: 20px; font-family: &quot;Open Sans&quot;; color: rgb(0, 0, 0);\">&#8211; Cimeti\u00e8re<\/em>\n                      <br>\n                    <\/p>\n                  <\/div>\n                <\/div>\n              <\/div>\n            <\/div>\n          <\/div>\n          <div class=\"h-column h-column-container d-flex h-col-lg-6 h-col-md-6 h-col-12 style-224-outer style-local-2-c29-outer\">\n            <div data-colibri-id=\"2-c29\" class=\"d-flex h-flex-basis h-column__inner h-px-lg-2 h-px-md-2 h-px-2 v-inner-lg-2 v-inner-md-2 v-inner-2 style-224 style-local-2-c29 position-relative\">\n              <!---->\n              <!---->\n              <div class=\"w-100 h-y-container h-column__content h-column__v-align flex-basis-100 align-self-lg-start align-self-md-start align-self-start\">\n                <!---->\n                <div data-colibri-id=\"2-c30\" class=\"d-block style-225 style-local-2-c30 position-relative h-element\">\n                  <!---->\n                  <div class=\"h-image__frame-container-outer\">\n                    <div class=\"h-image__frame-container\">\n                      <!---->\n                      <!---->\n                      <img decoding=\"async\" src=\"https:\/\/xn--ilvia-glx-rp-ceb.neoclorsstudio.by-h.cloud\/wp-content\/uploads\/2026\/05\/L1C-768x589.png\" class=\"style-225-image style-local-2-c30-image\">\n                      <div class=\"h-image__frame h-hide-lg h-hide-md h-hide-sm style-225-frameImage style-local-2-c30-frameImage\"><\/div>\n                    <\/div>\n                  <\/div>\n                <\/div>\n              <\/div>\n            <\/div>\n          <\/div>\n        <\/div>\n      <\/div>\n    <\/div>\n  <\/div>\n<\/div>","protected":false},"excerpt":{"rendered":"<p>L1 &#8211; Gare Routi\u00e8re via H\u00f4tel de Police (L1G) &#8211; Cimeti\u00e8re &#8211; Coll\u00e8ge George Sand &#8211; H\u00f4tel de Police &#8211;&nbsp;Coll\u00e8ge George Sand &#8211; Joncquille &#8211; Palais de Justice &#8211; Place Rihour &#8211; P\u00f4le d&rsquo;\u00e9changes &#8211; La Maladi\u00e8re &#8211; Route de la citadelle &#8211; H\u00f4tel de Ville &#8211; Gare Routi\u00e9re L1 &#8211; Gare Routi\u00e8re via H\u00f4tel [&hellip;]<\/p>\n","protected":false},"author":1,"featured_media":0,"parent":0,"menu_order":1,"comment_status":"closed","ping_status":"closed","template":"page-templates\/full-width-page.php","meta":{"footnotes":""},"class_list":["post-2","page","type-page","status-publish","hentry"],"_links":{"self":[{"href":"https:\/\/ileviagalaxrp.neoclorsstudio.by-h.cloud\/index.php\/wp-json\/wp\/v2\/pages\/2","targetHints":{"allow":["GET"]}}],"collection":[{"href":"https:\/\/ileviagalaxrp.neoclorsstudio.by-h.cloud\/index.php\/wp-json\/wp\/v2\/pages"}],"about":[{"href":"https:\/\/ileviagalaxrp.neoclorsstudio.by-h.cloud\/index.php\/wp-json\/wp\/v2\/types\/page"}],"author":[{"embeddable":true,"href":"https:\/\/ileviagalaxrp.neoclorsstudio.by-h.cloud\/index.php\/wp-json\/wp\/v2\/users\/1"}],"replies":[{"embeddable":true,"href":"https:\/\/ileviagalaxrp.neoclorsstudio.by-h.cloud\/index.php\/wp-json\/wp\/v2\/comments?post=2"}],"version-history":[{"count":3,"href":"https:\/\/ileviagalaxrp.neoclorsstudio.by-h.cloud\/index.php\/wp-json\/wp\/v2\/pages\/2\/revisions"}],"predecessor-version":[{"id":159,"href":"https:\/\/ileviagalaxrp.neoclorsstudio.by-h.cloud\/index.php\/wp-json\/wp\/v2\/pages\/2\/revisions\/159"}],"wp:attachment":[{"href":"https:\/\/ileviagalaxrp.neoclorsstudio.by-h.cloud\/index.php\/wp-json\/wp\/v2\/media?parent=2"}],"curies":[{"name":"wp","href":"https:\/\/api.w.org\/{rel}","templated":true}]}}